{"id":158,"date":"2026-01-08T15:11:55","date_gmt":"2026-01-08T15:11:55","guid":{"rendered":"https:\/\/www.agnescastel.pro\/?page_id=158"},"modified":"2026-01-26T10:06:10","modified_gmt":"2026-01-26T10:06:10","slug":"decouvrir-la-magnetotherapie","status":"publish","type":"page","link":"https:\/\/www.agnescastel.pro\/index.php\/decouvrir-la-magnetotherapie\/","title":{"rendered":"D\u00e9couvrez la Magn\u00e9toth\u00e9rapie"},"content":{"rendered":"\n<p class=\"has-background has-medium-font-size\" style=\"background-color:#f2c8a2\"><strong>La Table MAGNETAR H<\/strong>5<\/p>\n\n\n\n<p class=\"has-medium-font-size\">\u00ab La table Magn\u00e9tar H5 a fait l\u2019objet de 4 ann\u00e9es de recherches pour obtenir les certifications n\u00e9cessaires en mati\u00e8re de s\u00e9curit\u00e9, ainsi que de 2 ann\u00e9es d\u2019\u00e9tudes men\u00e9es par un cabinet scientifique d\u2019expertise afin d\u2019en valider les effets th\u00e9rapeutiques. \u00bb<\/p>\n\n\n\n<p>\u00ab La magn\u00e9toth\u00e9rapie s\u2019inspire des champs magn\u00e9tiques pr\u00e9sents naturellement sur Terre. Les aimants de la table Magn\u00e9tar H5, issus de terres rares, amplifient ce ph\u00e9nom\u00e8ne en douceur pour soutenir les capacit\u00e9s naturelles de r\u00e9g\u00e9n\u00e9ration du corps. \u00bb<\/p>\n\n\n\n<p class=\"has-medium-font-size\">Ce champ vient soutenir les capacit\u00e9s naturelles de r\u00e9gulation du corps, sans rien lui imposer. <\/p>\n\n\n\n<p class=\"has-medium-font-size\">La table cr\u00e9e un champ magn\u00e9tique autour du corps gr\u00e2ce \u00e0 des aimants sous la table, une vo\u00fbte au niveau du thorax et un anneau \u00e0 l\u2019arri\u00e8re de la t\u00eate.                                  Le visage reste totalement libre, la t\u00eate n\u2019est jamais \u201cdans un tunnel\u201d ce qui permet m\u00eame aux personnes claustrophobes de se sentir \u00e0 l\u2019aise. <\/p>\n\n\n\n<p class=\"has-medium-font-size\">L\u2019objectif est de stimuler et r\u00e9g\u00e9n\u00e9rer les cellules, d\u2019am\u00e9liorer la circulation et de favoriser un r\u00e9\u00e9quilibrage \u00e9nerg\u00e9tique global, sur le plan physique et \u00e9motionnel.<\/p>\n\n\n\n<p class=\"has-medium-font-size\">La table H5 de Magnetar utilise des aimants statiques et\/ou puls\u00e9s pour g\u00e9n\u00e9rer un champ magn\u00e9tique qui agit en profondeur sur l\u2019ensemble du corps. <\/p>\n\n\n\n<p class=\"has-medium-font-size\">Cette technologie vise \u00e0 soutenir les capacit\u00e9s naturelles de r\u00e9gulation du corps, \u00e0 apaiser les douleurs et les tensions et \u00e0 favoriser une meilleure harmonie corps\u2013esprit. <\/p>\n\n\n\n<p class=\"has-medium-font-size\"> La table s\u2019appuie sur la force du magn\u00e9tisme pour dialoguer avec le vivant du corps et soutenir son mouvement naturel d\u2019auto\u2011r\u00e9gulation. <\/p>\n\n\n\n<p class=\"has-medium-font-size\">**<em>Les s\u00e9ances de magn\u00e9toth\u00e9rapie viennent en compl\u00e9ment d\u2019un suivi m\u00e9dical et ne se substituent en aucun cas \u00e0 l\u2019avis de votre m\u00e9decin.<\/em>**<\/p>\n\n\n\n<div class=\"wp-block-buttons is-content-justification-center is-layout-flex wp-container-core-buttons-is-layout-a89b3969 wp-block-buttons-is-layout-flex\">\n<div class=\"wp-block-button\"><a class=\"wp-block-button__link wp-element-button\" href=\"https:\/\/www.agnescastel.pro\/index.php\/troubles-pouvant-etre-soulages-par-la-magnetotherapie\/\">Pour quels troubles ?<\/a><\/div>\n<\/div>\n\n\n\n<div class=\"wp-block-buttons is-content-justification-center is-layout-flex wp-container-core-buttons-is-layout-a89b3969 wp-block-buttons-is-layout-flex\">\n<div class=\"wp-block-button\"><a class=\"wp-block-button__link wp-element-button\" href=\"https:\/\/www.agnescastel.pro\/index.php\/seances-tarifs\/\">S\u00e9ances et Tarifs<\/a><\/div>\n<\/div>\n\n\n\n<figure class=\"wp-block-image aligncenter size-large is-resized\"><img loading=\"lazy\" decoding=\"async\" width=\"768\" height=\"1024\" src=\"https:\/\/www.agnescastel.pro\/wp-content\/uploads\/2026\/01\/IMG_1065-1-768x1024.jpeg\" alt=\"\" class=\"wp-image-393\" style=\"aspect-ratio:0.7500167414451215;object-fit:cover;width:280px\" srcset=\"https:\/\/www.agnescastel.pro\/wp-content\/uploads\/2026\/01\/IMG_1065-1-768x1024.jpeg 768w, https:\/\/www.agnescastel.pro\/wp-content\/uploads\/2026\/01\/IMG_1065-1-225x300.jpeg 225w, https:\/\/www.agnescastel.pro\/wp-content\/uploads\/2026\/01\/IMG_1065-1.jpeg 997w\" sizes=\"auto, (max-width: 768px) 100vw, 768px\" \/><\/figure>\n","protected":false},"excerpt":{"rendered":"<p>La Table MAGNETAR H5 \u00ab La table Magn\u00e9tar H5 a fait l\u2019objet de 4 ann\u00e9es de recherches pour obtenir les certifications n\u00e9cessaires en mati\u00e8re de s\u00e9curit\u00e9, ainsi que de 2 ann\u00e9es d\u2019\u00e9tudes men\u00e9es par un cabinet scientifique d\u2019expertise afin d\u2019en valider les effets th\u00e9rapeutiques. \u00bb \u00ab La magn\u00e9toth\u00e9rapie s\u2019inspire des champs magn\u00e9tiques pr\u00e9sents naturellement sur [&hellip;]<\/p>\n","protected":false},"author":1,"featured_media":0,"parent":0,"menu_order":0,"comment_status":"closed","ping_status":"closed","template":"","meta":{"footnotes":""},"class_list":["post-158","page","type-page","status-publish","hentry"],"_links":{"self":[{"href":"https:\/\/www.agnescastel.pro\/index.php\/wp-json\/wp\/v2\/pages\/158","targetHints":{"allow":["GET"]}}],"collection":[{"href":"https:\/\/www.agnescastel.pro\/index.php\/wp-json\/wp\/v2\/pages"}],"about":[{"href":"https:\/\/www.agnescastel.pro\/index.php\/wp-json\/wp\/v2\/types\/page"}],"author":[{"embeddable":true,"href":"https:\/\/www.agnescastel.pro\/index.php\/wp-json\/wp\/v2\/users\/1"}],"replies":[{"embeddable":true,"href":"https:\/\/www.agnescastel.pro\/index.php\/wp-json\/wp\/v2\/comments?post=158"}],"version-history":[{"count":24,"href":"https:\/\/www.agnescastel.pro\/index.php\/wp-json\/wp\/v2\/pages\/158\/revisions"}],"predecessor-version":[{"id":469,"href":"https:\/\/www.agnescastel.pro\/index.php\/wp-json\/wp\/v2\/pages\/158\/revisions\/469"}],"wp:attachment":[{"href":"https:\/\/www.agnescastel.pro\/index.php\/wp-json\/wp\/v2\/media?parent=158"}],"curies":[{"name":"wp","href":"https:\/\/api.w.org\/{rel}","templated":true}]}}