{"id":16,"date":"2026-01-06T11:30:42","date_gmt":"2026-01-06T11:30:42","guid":{"rendered":"https:\/\/www.agnescastel.pro\/?page_id=16"},"modified":"2026-01-25T15:53:53","modified_gmt":"2026-01-25T15:53:53","slug":"contact","status":"publish","type":"page","link":"https:\/\/www.agnescastel.pro\/index.php\/contact\/","title":{"rendered":"Contact"},"content":{"rendered":"\n<p>vous pouvez me contacter :<\/p>\n\n\n\n<p>par e-mail : acmagneticflow@gmail.com<\/p>\n\n\n\n<p>par t\u00e9l\u00e9phone : +33 (0)6 58 10 03 28<\/p>\n\n\n\n<p>Je vous accueille \u00e0 Honfleur (14600), en plein c\u0153ur de la Normandie, sur rendez-vous.<\/p>\n\n\n\n<p>je vous r\u00e9pondrai dans les meilleurs d\u00e9lais<\/p>\n\n\n\n<p><\/p>\n","protected":false},"excerpt":{"rendered":"<p>vous pouvez me contacter : par e-mail : acmagneticflow@gmail.com par t\u00e9l\u00e9phone : +33 (0)6 58 10 03 28 Je vous accueille \u00e0 Honfleur (14600), en plein c\u0153ur de la Normandie, sur rendez-vous. je vous r\u00e9pondrai dans les meilleurs d\u00e9lais<\/p>\n","protected":false},"author":1,"featured_media":0,"parent":0,"menu_order":0,"comment_status":"closed","ping_status":"closed","template":"","meta":{"footnotes":""},"class_list":["post-16","page","type-page","status-publish","hentry"],"_links":{"self":[{"href":"https:\/\/www.agnescastel.pro\/index.php\/wp-json\/wp\/v2\/pages\/16","targetHints":{"allow":["GET"]}}],"collection":[{"href":"https:\/\/www.agnescastel.pro\/index.php\/wp-json\/wp\/v2\/pages"}],"about":[{"href":"https:\/\/www.agnescastel.pro\/index.php\/wp-json\/wp\/v2\/types\/page"}],"author":[{"embeddable":true,"href":"https:\/\/www.agnescastel.pro\/index.php\/wp-json\/wp\/v2\/users\/1"}],"replies":[{"embeddable":true,"href":"https:\/\/www.agnescastel.pro\/index.php\/wp-json\/wp\/v2\/comments?post=16"}],"version-history":[{"count":4,"href":"https:\/\/www.agnescastel.pro\/index.php\/wp-json\/wp\/v2\/pages\/16\/revisions"}],"predecessor-version":[{"id":224,"href":"https:\/\/www.agnescastel.pro\/index.php\/wp-json\/wp\/v2\/pages\/16\/revisions\/224"}],"wp:attachment":[{"href":"https:\/\/www.agnescastel.pro\/index.php\/wp-json\/wp\/v2\/media?parent=16"}],"curies":[{"name":"wp","href":"https:\/\/api.w.org\/{rel}","templated":true}]}}