{"id":231,"date":"2026-01-25T17:05:03","date_gmt":"2026-01-25T17:05:03","guid":{"rendered":"https:\/\/www.agnescastel.pro\/?page_id=231"},"modified":"2026-01-26T09:41:33","modified_gmt":"2026-01-26T09:41:33","slug":"troubles-pouvant-etre-soulages-par-la-magnetotherapie","status":"publish","type":"page","link":"https:\/\/www.agnescastel.pro\/index.php\/troubles-pouvant-etre-soulages-par-la-magnetotherapie\/","title":{"rendered":"Troubles pouvant \u00eatre soulag\u00e9s par la magn\u00e9toth\u00e9rapie"},"content":{"rendered":"\n<p>Pour quels troubles  ?<\/p>\n\n\n\n<p>\u2022 Abc\u00e8s de la glande de Bartholin<br>\u2022 Acouph\u00e8ne<br>\u2022 Am\u00e9lioration du comportement chez l\u2019enfant<br>\u2022 Angine de poitrine, cardiopathie<br>\u2022 Arthrite psoriasique<br>\u2022 Arthrose des articulations<br>\u2022 Arythmie<br>\u2022 Asthme<br>\u2022 Atrophie optique<br>\u2022 AVC (cons\u00e9quences)<br>\u2022 Blessures des membres<br>\u2022 Borr\u00e9liose de Lyme<br>\u2022 Bronchite<br>\u2022 Br\u00fblures<br>\u2022 Br\u00fblures d\u2019estomac<br>\u2022 Cellulite<br>\u2022 Chimioth\u00e9rapie et radioth\u00e9rapie (soutien lors des traitements)<br>\u2022 Constipation<br>\u2022 Corn\u00e9e (infection de l\u2019\u0153il)<br>\u2022 Covid 19 long<br>\u2022 D\u00e9g\u00e9n\u00e9rescence de la moelle \u00e9pini\u00e8re<br>\u2022 Diab\u00e8te<br>\u2022 DMLA<br>\u2022 Dysfonctionnement c\u00e9r\u00e9bral mineur<br>\u2022 Ecz\u00e9ma atopique<br>\u2022 Enur\u00e9sie chez les enfants<br>\u2022 Foie (apr\u00e8s jaunisse \u2013 l\u00e9sions toxiques)<br>\u2022 Fractures<br>\u2022 Glaucome<br>\u2022 H\u00e9morro\u00efdes<br>\u2022 Hypertension<br>\u2022 Hypothyro\u00efdie<br>\u2022 Inflammation de voies urinaires<br>\u2022 Inflammation des ovaires \u2013 Trompes<br>\u2022 Inflammation du colon<br>\u2022 Inflammation du pancr\u00e9as<br>\u2022 Insomnie<br>\u2022 Larynx \u2013 Cordes vocales<br>\u2022 Maladie d\u2019Alzheimer<br>\u2022 Maladie de M\u00e9ni\u00e8re<br>\u2022 Maladie de Parkinson<br>\u2022 Maladie des art\u00e8res<br>\u2022 Migraines<br>\u2022 Mononucl\u00e9oses<br>\u2022 Myopathie<br>\u2022 \u0152d\u00e8me<br>\u2022 Ost\u00e9oporose<br>\u2022 Poumons<br>\u2022 Prostate<br>\u2022 Psoriasis<br>\u2022 Rachis cervical<br>\u2022 R\u00e8gles douloureuses<br>\u2022 Relaxation musculaire<br>\u2022 Rhinite allergique<br>\u2022 Sciatique<br>\u2022 Scl\u00e9rose en plaques<br>\u2022 Sinusite<br>\u2022 Spondylarthrite ankylosante<br>\u2022 Stress<br>\u2022 Syndrome du canal carpien<br>\u2022 Troubles climact\u00e9riques<br>\u2022 Ulc\u00e8res<br>\u2022 Varices<br>\u2022 Vers (enfants, am\u00e9lioration du comportement)<br>\u2022 Zona<\/p>\n\n\n\n<p class=\"has-text-align-center\">&#8220;Soutien lors des traitements de Chimioth\u00e9rapie et de Radioth\u00e9rapie&#8221;.<\/p>\n\n\n\n<p><br>**Cette liste est donn\u00e9e \u00e0 titre informatif. Chaque personne est unique : un \u00e9change pr\u00e9alable permet de d\u00e9terminer si la magn\u00e9toth\u00e9rapie peut \u00eatre adapt\u00e9e \u00e0 votre situation.<\/p>\n\n\n\n<p>**La magn\u00e9toth\u00e9rapie ne se substitue en aucun cas \u00e0 un suivi m\u00e9dical. Pour toute pathologie ou traitement en cours, demandez toujours l\u2019avis de votre m\u00e9decin<\/p>\n\n\n\n<p class=\"has-background\" style=\"background-color:#f2c8a2\">Pour d\u00e9couvrir des exemples concrets d\u2019am\u00e9liorations v\u00e9cues avec la magn\u00e9toth\u00e9rapie, vous pouvez consulter la page &#8220;T\u00e9moignages&#8221;.<\/p>\n\n\n\n<div class=\"wp-block-buttons is-content-justification-center is-layout-flex wp-container-core-buttons-is-layout-a89b3969 wp-block-buttons-is-layout-flex\">\n<div class=\"wp-block-button\"><a class=\"wp-block-button__link wp-element-button\" href=\"https:\/\/www.agnescastel.pro\/index.php\/temoignages\/\">T\u00e9moignages<\/a><\/div>\n<\/div>\n\n\n\n<p class=\"has-text-align-center has-background\" style=\"background-color:#f2c8a2\">Si vous ressentez l\u2019appel \u00e0 \u00eatre accompagn\u00e9(e), je vous propose de d\u00e9couvrir les s\u00e9ances disponibles et leurs tarifs.<\/p>\n\n\n\n<div class=\"wp-block-buttons is-content-justification-center is-layout-flex wp-container-core-buttons-is-layout-a89b3969 wp-block-buttons-is-layout-flex\">\n<div class=\"wp-block-button\"><a class=\"wp-block-button__link wp-element-button\" href=\"https:\/\/www.agnescastel.pro\/index.php\/seances-tarifs\/\">S\u00e9ances et Tarifs<\/a><\/div>\n<\/div>\n","protected":false},"excerpt":{"rendered":"<p>Pour quels troubles ? \u2022 Abc\u00e8s de la glande de Bartholin\u2022 Acouph\u00e8ne\u2022 Am\u00e9lioration du comportement chez l\u2019enfant\u2022 Angine de poitrine, cardiopathie\u2022 Arthrite psoriasique\u2022 Arthrose des articulations\u2022 Arythmie\u2022 Asthme\u2022 Atrophie optique\u2022 AVC (cons\u00e9quences)\u2022 Blessures des membres\u2022 Borr\u00e9liose de Lyme\u2022 Bronchite\u2022 Br\u00fblures\u2022 Br\u00fblures d\u2019estomac\u2022 Cellulite\u2022 Chimioth\u00e9rapie et radioth\u00e9rapie (soutien lors des traitements)\u2022 Constipation\u2022 Corn\u00e9e (infection de l\u2019\u0153il)\u2022 [&hellip;]<\/p>\n","protected":false},"author":1,"featured_media":0,"parent":0,"menu_order":0,"comment_status":"closed","ping_status":"closed","template":"","meta":{"footnotes":""},"class_list":["post-231","page","type-page","status-publish","hentry"],"_links":{"self":[{"href":"https:\/\/www.agnescastel.pro\/index.php\/wp-json\/wp\/v2\/pages\/231","targetHints":{"allow":["GET"]}}],"collection":[{"href":"https:\/\/www.agnescastel.pro\/index.php\/wp-json\/wp\/v2\/pages"}],"about":[{"href":"https:\/\/www.agnescastel.pro\/index.php\/wp-json\/wp\/v2\/types\/page"}],"author":[{"embeddable":true,"href":"https:\/\/www.agnescastel.pro\/index.php\/wp-json\/wp\/v2\/users\/1"}],"replies":[{"embeddable":true,"href":"https:\/\/www.agnescastel.pro\/index.php\/wp-json\/wp\/v2\/comments?post=231"}],"version-history":[{"count":14,"href":"https:\/\/www.agnescastel.pro\/index.php\/wp-json\/wp\/v2\/pages\/231\/revisions"}],"predecessor-version":[{"id":451,"href":"https:\/\/www.agnescastel.pro\/index.php\/wp-json\/wp\/v2\/pages\/231\/revisions\/451"}],"wp:attachment":[{"href":"https:\/\/www.agnescastel.pro\/index.php\/wp-json\/wp\/v2\/media?parent=231"}],"curies":[{"name":"wp","href":"https:\/\/api.w.org\/{rel}","templated":true}]}}