{"id":47,"date":"2026-01-06T18:37:12","date_gmt":"2026-01-06T18:37:12","guid":{"rendered":"https:\/\/www.agnescastel.pro\/?page_id=47"},"modified":"2026-02-22T15:30:27","modified_gmt":"2026-02-22T15:30:27","slug":"seances-tarifs","status":"publish","type":"page","link":"https:\/\/www.agnescastel.pro\/index.php\/seances-tarifs\/","title":{"rendered":"S\u00e9ances &amp; Tarifs"},"content":{"rendered":"\n<p class=\"has-text-align-center\"><em>Tarifs \u00e0 l&#8217;unit\u00e9<\/em><\/p>\n\n\n\n<p class=\"has-text-align-center\">S\u00e9ance de magn\u00e9toth\u00e9rapie  30 min : 35 \u20ac<\/p>\n\n\n\n<p class=\"has-text-align-center\">Mesure BioWell : 30 \u20ac<\/p>\n\n\n\n<p class=\"has-text-align-center\">S\u00e9ance casque BioCor avec eau inform\u00e9e : 30 \u20ac<\/p>\n\n\n\n<p class=\"has-text-align-center\">R\u00e9\u00e9coute de la musique personnalis\u00e9e  : 10 \u20ac<\/p>\n\n\n\n<p class=\"has-text-align-center\">Accompagnement individuel 1h : 80 \u20ac<\/p>\n\n\n\n<p class=\"has-text-align-center\">S\u00e9ances de Vie 1h : 80 \u20ac<\/p>\n\n\n\n<p class=\"has-text-align-center\">S\u00e9ances de VIE \u00e0 distance : 20 \u20ac<\/p>\n\n\n\n<div class=\"wp-block-buttons is-content-justification-center is-layout-flex wp-container-core-buttons-is-layout-a89b3969 wp-block-buttons-is-layout-flex\">\n<div class=\"wp-block-button\"><a class=\"wp-block-button__link has-text-align-center wp-element-button\" href=\"https:\/\/www.agnescastel.pro\/index.php\/decouvrir-la-magnetotherapie\/\">D\u00e9couvrir la magn\u00e9toth\u00e9rapie<\/a><\/div>\n<\/div>\n\n\n\n<p class=\"has-text-align-center has-background\" style=\"background-color:#f2c8a2\">S\u00e9ance \u201cLe Phare\u201d<\/p>\n\n\n\n<p class=\"has-large-font-size\">R\u00e9\u2011harmonisation corps\u2011esprit (2h30) \u2013 180 \u20ac<\/p>\n\n\n\n<p>Un temps pour vous recentrer quand tout tangue, comme une lumi\u00e8re qui vous aide \u00e0 retrouver votre cap int\u00e9rieur.<\/p>\n\n\n\n<p>La s\u00e9ance commence par un \u00e9change pour faire connaissance, poser votre situation et clarifier ce que vous traversez en ce moment.<br>Nous r\u00e9alisons ensuite une premi\u00e8re mesure \u00e9nerg\u00e9tique avec la cam\u00e9ra BioWell, qui permet d\u2019observer comment votre \u00e9nergie circule dans votre corps et vos diff\u00e9rents syst\u00e8mes (nerveux, immunitaire, \u00e9motionnel, etc.).<\/p>\n\n\n\n<p>Puis vous vous installez sur la table de magn\u00e9toth\u00e9rapie MAGNETAR H5 et vous vous laissez porter par un travail en profondeur pour rel\u00e2cher les tensions et r\u00e9\u00e9quilibrer vos centres \u00e9nerg\u00e9tiques.<\/p>\n\n\n\n<p>En fin de s\u00e9ance, une nouvelle mesure BioWell met en lumi\u00e8re l\u2019\u00e9volution de votre \u00e9tat \u00e9nerg\u00e9tique et les changements d\u00e9j\u00e0 \u00e0 l\u2019\u0153uvre dans votre corps.<\/p>\n\n\n\n<p><\/p>\n\n\n\n<p class=\"has-text-align-center has-background\" style=\"background-color:#f2c8a2\">S\u00e9ance \u201cRetrouver son Cap\u201d<\/p>\n\n\n\n<p>Premi\u00e8re rencontre (1h30) 100 \u20ac<\/p>\n\n\n\n<p>Cette s\u00e9ance est un moment pour faire le point ensemble, sans mesure, sans casque ni table, simplement dans la parole et l\u2019\u00e9coute.<br>Vous m\u2019exposez ce que vous traversez, ce qui vous p\u00e8se ou vous questionne en ce moment.<\/p>\n\n\n\n<p>Pas \u00e0 pas, je vous aide \u00e0 prendre du recul, \u00e0 changer de regard sur les \u00e9v\u00e9nements et \u00e0 retrouver un fil conducteur qui ait du sens pour vous, au\u2011del\u00e0 de ce qui appara\u00eet au premier abord.<\/p>\n\n\n\n<p>Vous repartez avec une vision plus large de votre situation, en ayant reconnect\u00e9 ce que vous vivez au sens de votre vie, ainsi que quelques appuis concrets pour les jours \u00e0 venir.<\/p>\n\n\n\n<p><\/p>\n\n\n\n<p class=\"has-text-align-center has-background\" style=\"background-color:#f2c8a2\">S\u00e9ance \u201cCap au son de l\u2019eau\u201d<\/p>\n\n\n\n<p>Premi\u00e8re s\u00e9ance (2h) 130 \u20ac<\/p>\n\n\n\n<p>S\u00e9ance avec casque BioCor<br>Cette s\u00e9ance vient prolonger le travail de \u00ab Retrouver son cap \u00bb, en y ajoutant la dimension du son et de l\u2019eau.<\/p>\n\n\n\n<p>Vous arrivez avec ce que vous traversez en ce moment, et nous prenons un temps de parole pour faire le lien avec ce qui a d\u00e9j\u00e0 \u00e9t\u00e9 pos\u00e9 ou avec votre besoin du jour.<\/p>\n\n\n\n<p>Pendant la s\u00e9ance, une mesure r\u00e9alis\u00e9e avec la cam\u00e9ra Bio\u2011Well fournit une analyse pr\u00e9cise de vos chakras. \u00c0 partir de ces informations, une musique personnalis\u00e9e est cr\u00e9\u00e9e pour chaque personne, puis diffus\u00e9e dans le corps gr\u00e2ce au casque BioCor, un casque binaural de la gamme Bio\u2011Well qui utilise des fr\u00e9quences sp\u00e9cifiques pour soutenir cette harmonisation.<\/p>\n\n\n\n<p>Ce temps permet \u00e0 votre syst\u00e8me nerveux et \u00e0 votre corps de se poser, de se r\u00e9ajuster et de laisser le travail se faire en douceur \u00e0 l\u2019int\u00e9rieur.<\/p>\n\n\n\n<p>Vous repartez avec une eau \u00e0 boire sur plusieurs jours et une musique \u00e0 \u00e9couter chez vous, comme un fil discret qui continue de vous ramener vers plus de calme et d\u2019harmonie.<\/p>\n\n\n\n<p><\/p>\n\n\n\n<p class=\"has-background\" style=\"background-color:#f2c8a2\">Accompagnement Individuel   &#8220;Le Th\u00e9\u00e2tre de la VIE &#8221; 1h &#8211; 75 \u20ac  <\/p>\n\n\n\n<p><\/p>\n\n\n\n<p><\/p>\n\n\n\n<p><\/p>\n\n\n\n<p>Cet accompagnement est un temps de clarification et d\u2019alignement, sans recours syst\u00e9matique aux outils de mesure ou de magn\u00e9toth\u00e9rapie.<\/p>\n\n\n\n<p>\u00c0 partir de ce que vous partagez, de ce que votre corps exprime et de mon ressenti , je relie les informations entre elles pour mettre en lumi\u00e8re ce qui se joue pour vous.<\/p>\n\n\n\n<p>Ce temps vous permet de d\u00e9poser ce qui vous p\u00e8se, de mieux comprendre ce que vous vivez, de poser un regard diff\u00e9rent sur ce que vous traversez et de vous rapprocher de ce qui fait vraiment sens pour vous et de vous sentir pleinement Vivant.<\/p>\n\n\n\n<p>&#8220;La parole, la pr\u00e9sence et l\u2019\u00e9coute fine sont au c\u0153ur de cet accompagnement.&#8221;<\/p>\n\n\n\n<p><\/p>\n\n\n\n<p><\/p>\n\n\n\n<p class=\"has-text-align-center has-background\" style=\"background-color:#f2c8a2\">Si vous vous reconnaissez dans ces situations et que vous sentez que cet accompagnement peut vous aider, je vous invite \u00e0 me contacter pour en parler.<\/p>\n\n\n\n<div class=\"wp-block-buttons is-content-justification-center is-layout-flex wp-container-core-buttons-is-layout-a89b3969 wp-block-buttons-is-layout-flex\">\n<div class=\"wp-block-button\"><a class=\"wp-block-button__link wp-element-button\" href=\"https:\/\/www.agnescastel.pro\/index.php\/contact\/\">Contact &#8211; Prendre dendez-vous<\/a><\/div>\n<\/div>\n","protected":false},"excerpt":{"rendered":"<p>Tarifs \u00e0 l&#8217;unit\u00e9 S\u00e9ance de magn\u00e9toth\u00e9rapie 30 min : 35 \u20ac Mesure BioWell : 30 \u20ac S\u00e9ance casque BioCor avec eau inform\u00e9e : 30 \u20ac R\u00e9\u00e9coute de la musique personnalis\u00e9e : 10 \u20ac Accompagnement individuel 1h : 80 \u20ac S\u00e9ances de Vie 1h : 80 \u20ac S\u00e9ances de VIE \u00e0 distance : 20 \u20ac S\u00e9ance [&hellip;]<\/p>\n","protected":false},"author":1,"featured_media":0,"parent":0,"menu_order":0,"comment_status":"closed","ping_status":"closed","template":"","meta":{"footnotes":""},"class_list":["post-47","page","type-page","status-publish","hentry"],"_links":{"self":[{"href":"https:\/\/www.agnescastel.pro\/index.php\/wp-json\/wp\/v2\/pages\/47","targetHints":{"allow":["GET"]}}],"collection":[{"href":"https:\/\/www.agnescastel.pro\/index.php\/wp-json\/wp\/v2\/pages"}],"about":[{"href":"https:\/\/www.agnescastel.pro\/index.php\/wp-json\/wp\/v2\/types\/page"}],"author":[{"embeddable":true,"href":"https:\/\/www.agnescastel.pro\/index.php\/wp-json\/wp\/v2\/users\/1"}],"replies":[{"embeddable":true,"href":"https:\/\/www.agnescastel.pro\/index.php\/wp-json\/wp\/v2\/comments?post=47"}],"version-history":[{"count":109,"href":"https:\/\/www.agnescastel.pro\/index.php\/wp-json\/wp\/v2\/pages\/47\/revisions"}],"predecessor-version":[{"id":480,"href":"https:\/\/www.agnescastel.pro\/index.php\/wp-json\/wp\/v2\/pages\/47\/revisions\/480"}],"wp:attachment":[{"href":"https:\/\/www.agnescastel.pro\/index.php\/wp-json\/wp\/v2\/media?parent=47"}],"curies":[{"name":"wp","href":"https:\/\/api.w.org\/{rel}","templated":true}]}}